{"id":81,"date":"2025-01-01T02:39:09","date_gmt":"2025-01-01T03:39:09","guid":{"rendered":"https:\/\/vela-s7.store\/it\/?page_id=81"},"modified":"2025-10-27T01:41:55","modified_gmt":"2025-10-26T23:41:55","slug":"home-page","status":"publish","type":"page","link":"https:\/\/vela-s7.store\/it\/","title":{"rendered":"Home Page"},"content":{"rendered":"\t\t<div data-elementor-type=\"wp-page\" data-elementor-id=\"81\" class=\"elementor elementor-81\" data-elementor-post-type=\"page\">\n\t\t\t\t\t\t<section class=\"elementor-section elementor-top-section elementor-element elementor-element-27b27641 elementor-section-stretched elementor-section-height-min-height elementor-section-boxed elementor-section-height-default elementor-section-items-middle\" data-id=\"27b27641\" data-element_type=\"section\" data-settings=\"{&quot;stretch_section&quot;:&quot;section-stretched&quot;,&quot;background_background&quot;:&quot;slideshow&quot;,&quot;background_slideshow_gallery&quot;:[{&quot;id&quot;:2252,&quot;url&quot;:&quot;https:\\\/\\\/vela-s7.store\\\/it\\\/wp-content\\\/uploads\\\/2025\\\/08\\\/matefold_3.png&quot;}],&quot;background_slideshow_slide_duration&quot;:5000,&quot;background_slideshow_slide_transition&quot;:&quot;fade&quot;,&quot;background_slideshow_transition_duration&quot;:500}\">\n\t\t\t\t\t\t\t<div class=\"elementor-background-overlay\"><\/div>\n\t\t\t\t\t\t\t<div class=\"elementor-container elementor-column-gap-default\">\n\t\t\t\t\t<div class=\"elementor-column elementor-col-100 elementor-top-column elementor-element elementor-element-6bacf8ed\" data-id=\"6bacf8ed\" data-element_type=\"column\">\n\t\t\t<div class=\"elementor-widget-wrap elementor-element-populated\">\n\t\t\t\t\t\t<div class=\"elementor-element elementor-element-a414ed0 elementor-widget elementor-widget-heading\" data-id=\"a414ed0\" data-element_type=\"widget\" data-widget_type=\"heading.default\">\n\t\t\t\t<div class=\"elementor-widget-container\">\n\t\t\t\t\t<h2 class=\"elementor-heading-title elementor-size-default\">Il futuro inizia qui: tecnologia, design e innovazione all\u2019avanguardia<\/h2>\t\t\t\t<\/div>\n\t\t\t\t<\/div>\n\t\t\t\t<div class=\"elementor-element elementor-element-7d4c59b1 elementor-widget elementor-widget-heading\" data-id=\"7d4c59b1\" data-element_type=\"widget\" data-widget_type=\"heading.default\">\n\t\t\t\t<div class=\"elementor-widget-container\">\n\t\t\t\t\t<h2 class=\"elementor-heading-title elementor-size-default\">Siamo un team di professionisti appassionati di tecnologia, innovazione e design. Il nostro obiettivo \u00e8 offrire solo dispositivi rivoluzionari, accuratamente selezionati per la loro qualit\u00e0, prestazioni e unicit\u00e0. Il nostro focus \u00e8 chiaro: proporre prodotti che siano sempre un passo avanti rispetto al futuro.<\/h2>\t\t\t\t<\/div>\n\t\t\t\t<\/div>\n\t\t\t\t<div class=\"elementor-element elementor-element-45894f2 elementor-mobile-align-center elementor-align-center elementor-widget elementor-widget-button\" data-id=\"45894f2\" data-element_type=\"widget\" data-widget_type=\"button.default\">\n\t\t\t\t<div class=\"elementor-widget-container\">\n\t\t\t\t\t\t\t\t\t<div class=\"elementor-button-wrapper\">\n\t\t\t\t\t<a class=\"elementor-button elementor-button-link elementor-size-sm\" href=\"\/it\/product\/promo-1321\">\n\t\t\t\t\t\t<span class=\"elementor-button-content-wrapper\">\n\t\t\t\t\t\t\t\t\t<span class=\"elementor-button-text\">VAI AL PRODOTTO<\/span>\n\t\t\t\t\t<\/span>\n\t\t\t\t\t<\/a>\n\t\t\t\t<\/div>\n\t\t\t\t\t\t\t\t<\/div>\n\t\t\t\t<\/div>\n\t\t\t\t\t<\/div>\n\t\t<\/div>\n\t\t\t\t\t<\/div>\n\t\t<\/section>\n\t\t\t\t<\/div>\n\t\t","protected":false},"excerpt":{"rendered":"<p>Il futuro inizia qui: tecnologia, design e innovazione all\u2019avanguardia Siamo un team di professionisti appassionati di tecnologia, innovazione e design. Il nostro obiettivo \u00e8 offrire solo dispositivi rivoluzionari, accuratamente selezionati per la loro qualit\u00e0, prestazioni e unicit\u00e0. Il nostro focus \u00e8 chiaro: proporre prodotti che siano sempre un passo avanti rispetto al futuro. VAI AL [&hellip;]<\/p>\n","protected":false},"author":1,"featured_media":0,"parent":0,"menu_order":0,"comment_status":"closed","ping_status":"closed","template":"","meta":{"footnotes":""},"class_list":["post-81","page","type-page","status-publish","hentry"],"jetpack_sharing_enabled":true,"_links":{"self":[{"href":"https:\/\/vela-s7.store\/it\/wp-json\/wp\/v2\/pages\/81","targetHints":{"allow":["GET"]}}],"collection":[{"href":"https:\/\/vela-s7.store\/it\/wp-json\/wp\/v2\/pages"}],"about":[{"href":"https:\/\/vela-s7.store\/it\/wp-json\/wp\/v2\/types\/page"}],"author":[{"embeddable":true,"href":"https:\/\/vela-s7.store\/it\/wp-json\/wp\/v2\/users\/1"}],"replies":[{"embeddable":true,"href":"https:\/\/vela-s7.store\/it\/wp-json\/wp\/v2\/comments?post=81"}],"version-history":[{"count":34,"href":"https:\/\/vela-s7.store\/it\/wp-json\/wp\/v2\/pages\/81\/revisions"}],"predecessor-version":[{"id":2421,"href":"https:\/\/vela-s7.store\/it\/wp-json\/wp\/v2\/pages\/81\/revisions\/2421"}],"wp:attachment":[{"href":"https:\/\/vela-s7.store\/it\/wp-json\/wp\/v2\/media?parent=81"}],"curies":[{"name":"wp","href":"https:\/\/api.w.org\/{rel}","templated":true}]}}